{"id":108,"date":"2026-04-28T19:51:32","date_gmt":"2026-04-28T19:51:32","guid":{"rendered":"http:\/\/www.dev.britenergies.fr\/index.php\/nos-services\/"},"modified":"2026-04-29T10:59:05","modified_gmt":"2026-04-29T10:59:05","slug":"nos-services","status":"publish","type":"page","link":"http:\/\/www.britenergies.fr\/index.php\/nos-services\/","title":{"rendered":"Nos services"},"content":{"rendered":"\n<div class=\"wp-block-group has-mono-1-background-color has-background is-layout-flow wp-container-core-group-is-layout-ce397403 wp-block-group-is-layout-flow\" style=\"margin-top:0;margin-bottom:0;padding-top:0;padding-right:0;padding-bottom:0;padding-left:0\">\n<div class=\"wp-block-cover is-light\" style=\"padding-top:var(--wp--preset--spacing--superbspacing-xlarge);padding-right:0;padding-bottom:var(--wp--preset--spacing--superbspacing-xlarge);padding-left:0;min-height:50px;aspect-ratio:unset;\"><img loading=\"lazy\" decoding=\"async\" width=\"1024\" height=\"577\" class=\"wp-block-cover__image-background wp-image-116 size-large\" alt=\"\" src=\"http:\/\/www.dev.britenergies.fr\/wp-content\/uploads\/2026\/04\/20251010_144009-1-1024x577.jpg\" data-object-fit=\"cover\" srcset=\"http:\/\/www.britenergies.fr\/wp-content\/uploads\/2026\/04\/20251010_144009-1-1024x577.jpg 1024w, http:\/\/www.britenergies.fr\/wp-content\/uploads\/2026\/04\/20251010_144009-1-300x169.jpg 300w, http:\/\/www.britenergies.fr\/wp-content\/uploads\/2026\/04\/20251010_144009-1-768x432.jpg 768w, http:\/\/www.britenergies.fr\/wp-content\/uploads\/2026\/04\/20251010_144009-1-1536x865.jpg 1536w, http:\/\/www.britenergies.fr\/wp-content\/uploads\/2026\/04\/20251010_144009-1-2048x1153.jpg 2048w\" sizes=\"auto, (max-width: 1024px) 100vw, 1024px\" \/><span aria-hidden=\"true\" class=\"wp-block-cover__background has-background-dim-40 has-background-dim\" style=\"background-color:#928e80\"><\/span><div class=\"wp-block-cover__inner-container is-layout-flow wp-block-cover-is-layout-flow\">\n<div class=\"wp-block-group has-global-padding is-layout-constrained wp-container-core-group-is-layout-27ec71c5 wp-block-group-is-layout-constrained\" style=\"padding-top:0;padding-right:var(--wp--preset--spacing--superbspacing-small);padding-bottom:0;padding-left:var(--wp--preset--spacing--superbspacing-small)\">\n<div class=\"wp-block-group has-global-padding is-content-justification-center is-layout-constrained wp-container-core-group-is-layout-32b5ec3b wp-block-group-is-layout-constrained\" style=\"margin-top:0;margin-bottom:0\">\n<h1 class=\"wp-block-heading has-text-align-center has-text-color has-superbfont-xxlarge-font-size\" style=\"color:#fdfdfd;font-style:normal;font-weight:400\">Brit&#8217;Energies<\/h1>\n\n\n\n<p class=\"has-text-align-center\">Votre sp\u00e9cialiste en \u00e9lectricit\u00e9 et ventilation (VMC)<\/p>\n\n\n\n<p class=\"has-text-align-center has-text-color has-superbfont-small-font-size\" style=\"color:#fdfdfd;margin-bottom:var(--wp--preset--spacing--superbspacing-small)\">Chez <strong>Brit\u2019\u00c9nergies<\/strong>, nous accompagnons particuliers et professionnels dans tous leurs besoins en <strong>\u00e9lectricit\u00e9 g\u00e9n\u00e9rale<\/strong> et en <strong>syst\u00e8mes de ventilation (VMC)<\/strong>. Notre objectif : garantir des installations s\u00fbres, performantes et durables, tout en am\u00e9liorant votre confort au quotidien.<\/p>\n\n\n\n<div class=\"wp-block-buttons is-content-justification-center is-layout-flex wp-container-core-buttons-is-layout-a89b3969 wp-block-buttons-is-layout-flex\"><\/div>\n<\/div>\n<\/div>\n<\/div><\/div>\n<\/div>\n\n\n\n<div class=\"wp-block-group alignfull has-mono-4-background-color has-background has-global-padding is-layout-constrained wp-container-core-group-is-layout-129f6e7c wp-block-group-is-layout-constrained\" style=\"margin-top:0;margin-bottom:0;padding-top:var(--wp--preset--spacing--superbspacing-large);padding-right:var(--wp--preset--spacing--superbspacing-small);padding-bottom:var(--wp--preset--spacing--superbspacing-large);padding-left:var(--wp--preset--spacing--superbspacing-small)\">\n<div class=\"wp-block-columns alignwide is-layout-flex wp-container-core-columns-is-layout-25593187 wp-block-columns-is-layout-flex\">\n<div class=\"wp-block-column is-vertically-aligned-center is-layout-flow wp-container-core-column-is-layout-a1628350 wp-block-column-is-layout-flow\" style=\"padding-top:0;padding-right:0;padding-bottom:0;padding-left:0\">\n<div class=\"wp-block-group is-layout-flow wp-container-core-group-is-layout-ff697075 wp-block-group-is-layout-flow\">\n<h3 class=\"wp-block-heading has-text-align-left has-superbfont-xlarge-font-size\" style=\"line-height:1.2\">\u00c9lectricit\u00e9 g\u00e9n\u00e9rale<\/h3>\n\n\n\n<p class=\"has-mono-2-color has-text-color has-link-color wp-elements-366eb72a9900c989ff106d6d72e333fd\">Nous intervenons sur tous types de projets \u00e9lectriques, en neuf comme en r\u00e9novation :<\/p>\n\n\n\n<ul class=\"wp-block-list\">\n<li>Installation compl\u00e8te de r\u00e9seaux \u00e9lectriques<\/li>\n\n\n\n<li>Mise aux normes et s\u00e9curisation des installations<\/li>\n\n\n\n<li>R\u00e9novation \u00e9lectrique de logements et locaux professionnels<\/li>\n\n\n\n<li>Installation de tableaux \u00e9lectriques<\/li>\n\n\n\n<li>Pose d\u2019\u00e9clairages int\u00e9rieurs et ext\u00e9rieurs<\/li>\n\n\n\n<li>D\u00e9pannage et recherche de pannes<\/li>\n<\/ul>\n\n\n\n<p class=\"has-mono-2-color has-text-color has-link-color wp-elements-f8f0d83f3ae6d64537ff7b90f6c4c510\">Nous veillons \u00e0 respecter les normes en vigueur afin d\u2019assurer votre s\u00e9curit\u00e9 et la fiabilit\u00e9 de vos \u00e9quipements.<\/p>\n<\/div>\n\n\n\n<div class=\"wp-block-buttons is-layout-flex wp-container-core-buttons-is-layout-69f3c5ca wp-block-buttons-is-layout-flex\">\n<div class=\"wp-block-button is-style-outline is-style-outline--1\"><a class=\"wp-block-button__link has-superbfont-small-font-size has-custom-font-size wp-element-button\" href=\"tel:0602367772\" style=\"padding-top:var(--wp--preset--spacing--superbspacing-xsmall);padding-right:var(--wp--preset--spacing--superbspacing-xsmall);padding-bottom:var(--wp--preset--spacing--superbspacing-xsmall);padding-left:var(--wp--preset--spacing--superbspacing-xsmall)\">0602367772<\/a><\/div>\n\n\n\n<div class=\"wp-block-button\"><a class=\"wp-block-button__link has-superbfont-small-font-size has-custom-font-size wp-element-button\" href=\"http:\/\/www.britenergies.fr\/index.php\/contact\/\" style=\"padding-top:var(--wp--preset--spacing--superbspacing-xsmall);padding-right:var(--wp--preset--spacing--superbspacing-xsmall);padding-bottom:var(--wp--preset--spacing--superbspacing-xsmall);padding-left:var(--wp--preset--spacing--superbspacing-xsmall)\">Nous contacter<\/a><\/div>\n<\/div>\n<\/div>\n\n\n\n<div class=\"wp-block-column is-vertically-aligned-center is-layout-flow wp-container-core-column-is-layout-40a2a7e8 wp-block-column-is-layout-flow\" style=\"padding-right:0;padding-bottom:0;padding-left:0\">\n<figure class=\"wp-block-image size-full has-custom-border\"><img loading=\"lazy\" decoding=\"async\" width=\"842\" height=\"847\" src=\"http:\/\/www.dev.britenergies.fr\/wp-content\/uploads\/2026\/04\/passage-de-gaine-ICTA-en-plafond.png\" alt=\"\" class=\"wp-image-112\" style=\"border-radius:0px\" srcset=\"http:\/\/www.britenergies.fr\/wp-content\/uploads\/2026\/04\/passage-de-gaine-ICTA-en-plafond.png 842w, http:\/\/www.britenergies.fr\/wp-content\/uploads\/2026\/04\/passage-de-gaine-ICTA-en-plafond-298x300.png 298w, http:\/\/www.britenergies.fr\/wp-content\/uploads\/2026\/04\/passage-de-gaine-ICTA-en-plafond-150x150.png 150w, http:\/\/www.britenergies.fr\/wp-content\/uploads\/2026\/04\/passage-de-gaine-ICTA-en-plafond-768x773.png 768w\" sizes=\"auto, (max-width: 842px) 100vw, 842px\" \/><\/figure>\n<\/div>\n<\/div>\n<\/div>\n\n\n\n<div class=\"wp-block-group alignfull has-global-padding is-layout-constrained wp-container-core-group-is-layout-8bbd0b3b wp-block-group-is-layout-constrained\" style=\"margin-top:0;margin-bottom:0;padding-top:var(--wp--preset--spacing--superbspacing-large);padding-right:var(--wp--preset--spacing--superbspacing-small);padding-bottom:var(--wp--preset--spacing--superbspacing-large);padding-left:var(--wp--preset--spacing--superbspacing-small)\">\n<figure class=\"wp-block-image alignwide size-full\"><img loading=\"lazy\" decoding=\"async\" width=\"850\" height=\"478\" src=\"http:\/\/www.dev.britenergies.fr\/wp-content\/uploads\/2026\/04\/passage-de-gaine-de-vmc-edited-1.png\" alt=\"\" class=\"wp-image-122\" srcset=\"http:\/\/www.britenergies.fr\/wp-content\/uploads\/2026\/04\/passage-de-gaine-de-vmc-edited-1.png 850w, http:\/\/www.britenergies.fr\/wp-content\/uploads\/2026\/04\/passage-de-gaine-de-vmc-edited-1-300x169.png 300w, http:\/\/www.britenergies.fr\/wp-content\/uploads\/2026\/04\/passage-de-gaine-de-vmc-edited-1-768x432.png 768w\" sizes=\"auto, (max-width: 850px) 100vw, 850px\" \/><\/figure>\n\n\n\n<div class=\"wp-block-group alignwide has-global-padding is-layout-constrained wp-container-core-group-is-layout-44bcd671 wp-block-group-is-layout-constrained\" style=\"padding-top:var(--wp--preset--spacing--superbspacing-xsmall);padding-bottom:var(--wp--preset--spacing--superbspacing-xsmall)\">\n<p class=\"has-featured-color has-text-color has-link-color has-superbfont-small-font-size wp-elements-e24d291ba4c1a9b31b9eed311e124d1f\"><\/p>\n\n\n\n<h2 class=\"wp-block-heading has-text-align-left has-superbfont-xlarge-font-size\" style=\"line-height:1.2\">Ventilation (VMC)<br><\/h2>\n<\/div>\n\n\n\n<div class=\"wp-block-columns alignwide is-layout-flex wp-container-core-columns-is-layout-25593187 wp-block-columns-is-layout-flex\">\n<div class=\"wp-block-column is-vertically-aligned-center is-layout-flow wp-container-core-column-is-layout-a1628350 wp-block-column-is-layout-flow\" style=\"padding-top:0;padding-right:0;padding-bottom:0;padding-left:0\">\n<div class=\"wp-block-group is-layout-flow wp-container-core-group-is-layout-ff697075 wp-block-group-is-layout-flow\">\n<p class=\"has-text-align-left has-mono-2-color has-text-color has-superbfont-small-font-size\">Une bonne ventilation est essentielle pour un air sain et un logement confortable. Nous proposons :<\/p>\n\n\n\n<ul class=\"wp-block-list\">\n<li>Installation de VMC simple flux<\/li>\n\n\n\n<li>Installation de VMC double flux<\/li>\n\n\n\n<li>Entretien et remplacement de syst\u00e8mes existants<\/li>\n\n\n\n<li>Am\u00e9lioration de la qualit\u00e9 de l\u2019air int\u00e9rieur<\/li>\n\n\n\n<li>R\u00e9duction de l\u2019humidit\u00e9 et pr\u00e9vention des moisissures<\/li>\n<\/ul>\n\n\n\n<p class=\"has-text-align-left has-mono-2-color has-text-color has-superbfont-small-font-size\">Nos solutions sont adapt\u00e9es \u00e0 votre logement pour optimiser la circulation de l\u2019air tout en limitant les pertes d\u2019\u00e9nergie.<\/p>\n<\/div>\n<\/div>\n<\/div>\n<\/div>\n\n\n\n<p><\/p>\n","protected":false},"excerpt":{"rendered":"<p>\u00c9lectricit\u00e9 g\u00e9n\u00e9rale Nous intervenons sur tous types de projets \u00e9lectriques, en neuf comme en r\u00e9novation : Nous veillons \u00e0 respecter les normes en vigueur afin d\u2019assurer votre s\u00e9curit\u00e9 et la fiabilit\u00e9 de vos \u00e9quipements. Ventilation (VMC) Une bonne ventilation est essentielle pour un air sain et un logement confortable. Nous proposons : Nos solutions sont [&hellip;]<\/p>\n","protected":false},"author":1,"featured_media":0,"parent":0,"menu_order":0,"comment_status":"closed","ping_status":"closed","template":"superbaddons-page-template","meta":{"footnotes":""},"class_list":["post-108","page","type-page","status-publish","hentry"],"_links":{"self":[{"href":"http:\/\/www.britenergies.fr\/index.php\/wp-json\/wp\/v2\/pages\/108","targetHints":{"allow":["GET"]}}],"collection":[{"href":"http:\/\/www.britenergies.fr\/index.php\/wp-json\/wp\/v2\/pages"}],"about":[{"href":"http:\/\/www.britenergies.fr\/index.php\/wp-json\/wp\/v2\/types\/page"}],"author":[{"embeddable":true,"href":"http:\/\/www.britenergies.fr\/index.php\/wp-json\/wp\/v2\/users\/1"}],"replies":[{"embeddable":true,"href":"http:\/\/www.britenergies.fr\/index.php\/wp-json\/wp\/v2\/comments?post=108"}],"version-history":[{"count":4,"href":"http:\/\/www.britenergies.fr\/index.php\/wp-json\/wp\/v2\/pages\/108\/revisions"}],"predecessor-version":[{"id":129,"href":"http:\/\/www.britenergies.fr\/index.php\/wp-json\/wp\/v2\/pages\/108\/revisions\/129"}],"wp:attachment":[{"href":"http:\/\/www.britenergies.fr\/index.php\/wp-json\/wp\/v2\/media?parent=108"}],"curies":[{"name":"wp","href":"https:\/\/api.w.org\/{rel}","templated":true}]}}